{"id":1466,"date":"2023-04-19T06:05:29","date_gmt":"2023-04-19T11:05:29","guid":{"rendered":"http:\/\/skyautodrivingschool.com\/product\/coche-paquete-1\/"},"modified":"2024-05-04T08:04:27","modified_gmt":"2024-05-04T13:04:27","slug":"coche-paquete-1","status":"publish","type":"product","link":"https:\/\/skyautodrivingschool.com\/es\/producto\/coche-paquete-1\/","title":{"rendered":"Coche Paquete 1"},"content":{"rendered":"<ul class=\"elementor-price-table__features-list\">\n<li class=\"elementor-repeater-item-fc911b2\">\n<div class=\"elementor-price-table__feature-inner\">3 lecciones (45 min cada una)<\/div>\n<\/li>\n<li class=\"elementor-repeater-item-3686c5a\">\n<div class=\"elementor-price-table__feature-inner\"><i class=\"far fa-check-circle\" aria-hidden=\"true\"><\/i>  Clase de 5 horas (pel\u00edcula)<\/div>\n<\/li>\n<li class=\"elementor-repeater-item-dc5e122\">\n<div class=\"elementor-price-table__feature-inner\"><i class=\"far fa-check-circle\" aria-hidden=\"true\"><\/i>  Cita para la prueba en carretera<\/div>\n<\/li>\n<li class=\"elementor-repeater-item-e806495\">\n<div class=\"elementor-price-table__feature-inner\"><i class=\"far fa-check-circle\" aria-hidden=\"true\"><\/i>  Asimilaci\u00f3n de las pruebas en carretera<\/div>\n<\/li>\n<li class=\"elementor-repeater-item-4236b15\">\n<div class=\"elementor-price-table__feature-inner\"><i class=\"far fa-check-circle\" aria-hidden=\"true\"><\/i>  Instructor para el examen de conducir<\/div>\n<\/li>\n<li class=\"elementor-repeater-item-fe51fcd\">\n<div class=\"elementor-price-table__feature-inner\"><i class=\"far fa-check-circle\" aria-hidden=\"true\"><\/i>  Veh\u00edculo para inspecci\u00f3n en carretera<\/div>\n<\/li>\n<\/ul>\n","protected":false},"excerpt":{"rendered":"<p>3 lecciones (45 min cada una) Clase de 5 horas (pel\u00edcula) Cita para la prueba en carretera Asimilaci\u00f3n de las pruebas en carretera Instructor para el examen de conducir Veh\u00edculo para inspecci\u00f3n en carretera<\/p>\n","protected":false},"featured_media":1383,"comment_status":"open","ping_status":"closed","template":"","meta":{"neve_meta_sidebar":"","neve_meta_container":"","neve_meta_enable_content_width":"off","neve_meta_content_width":100,"neve_meta_title_alignment":"","neve_meta_author_avatar":"","neve_post_elements_order":"","neve_meta_disable_header":"","neve_meta_disable_footer":"","neve_meta_disable_title":"","_joinchat":[]},"product_brand":[],"product_cat":[94],"product_tag":[],"class_list":{"0":"post-1466","1":"product","2":"type-product","3":"status-publish","4":"has-post-thumbnail","6":"product_cat-servicios","8":"first","9":"instock","10":"taxable","11":"shipping-taxable","12":"purchasable","13":"product-type-variable"},"jetpack_sharing_enabled":true,"_links":{"self":[{"href":"https:\/\/skyautodrivingschool.com\/es\/wp-json\/wp\/v2\/product\/1466","targetHints":{"allow":["GET"]}}],"collection":[{"href":"https:\/\/skyautodrivingschool.com\/es\/wp-json\/wp\/v2\/product"}],"about":[{"href":"https:\/\/skyautodrivingschool.com\/es\/wp-json\/wp\/v2\/types\/product"}],"replies":[{"embeddable":true,"href":"https:\/\/skyautodrivingschool.com\/es\/wp-json\/wp\/v2\/comments?post=1466"}],"wp:featuredmedia":[{"embeddable":true,"href":"https:\/\/skyautodrivingschool.com\/es\/wp-json\/wp\/v2\/media\/1383"}],"wp:attachment":[{"href":"https:\/\/skyautodrivingschool.com\/es\/wp-json\/wp\/v2\/media?parent=1466"}],"wp:term":[{"taxonomy":"product_brand","embeddable":true,"href":"https:\/\/skyautodrivingschool.com\/es\/wp-json\/wp\/v2\/product_brand?post=1466"},{"taxonomy":"product_cat","embeddable":true,"href":"https:\/\/skyautodrivingschool.com\/es\/wp-json\/wp\/v2\/product_cat?post=1466"},{"taxonomy":"product_tag","embeddable":true,"href":"https:\/\/skyautodrivingschool.com\/es\/wp-json\/wp\/v2\/product_tag?post=1466"}],"curies":[{"name":"wp","href":"https:\/\/api.w.org\/{rel}","templated":true}]}}