{"id":1438,"date":"2023-04-12T19:17:42","date_gmt":"2023-04-12T19:17:42","guid":{"rendered":"http:\/\/skyautodrivingschool.com\/politica-de-devoluciones-y-reembolsos\/"},"modified":"2023-06-23T17:08:41","modified_gmt":"2023-06-23T17:08:41","slug":"politica-de-devoluciones-y-reembolsos","status":"publish","type":"page","link":"https:\/\/skyautodrivingschool.com\/es\/politica-de-devoluciones-y-reembolsos\/","title":{"rendered":"Pol\u00edtica de devoluciones y reembolsos"},"content":{"rendered":"\t\t<div data-elementor-type=\"wp-page\" data-elementor-id=\"1438\" class=\"elementor elementor-1438 elementor-417\" data-elementor-post-type=\"page\">\n\t\t\t\t\t\t<section class=\"elementor-section elementor-top-section elementor-element elementor-element-53481e61 elementor-section-boxed elementor-section-height-default elementor-section-height-default\" data-id=\"53481e61\" data-element_type=\"section\" data-e-type=\"section\">\n\t\t\t\t\t\t<div class=\"elementor-container elementor-column-gap-default\">\n\t\t\t\t\t<div class=\"elementor-column elementor-col-100 elementor-top-column elementor-element elementor-element-146af8c9\" data-id=\"146af8c9\" data-element_type=\"column\" data-e-type=\"column\">\n\t\t\t<div class=\"elementor-widget-wrap elementor-element-populated\">\n\t\t\t\t\t\t<div class=\"elementor-element elementor-element-5ae43514 elementor-widget elementor-widget-text-editor\" data-id=\"5ae43514\" data-element_type=\"widget\" data-e-type=\"widget\" data-widget_type=\"text-editor.default\">\n\t\t\t\t<div class=\"elementor-widget-container\">\n\t\t\t\t\t\t\t\t\t\n<p><span style=\"font-weight: 400; color: #ffffff;\">AUTOESCUELA SKY<\/span><\/p>\n<p> <\/p>\n<p><span style=\"font-weight: 400; color: #ffffff;\">[WARNING TO OUR CUSTOMERS]<\/span><\/p>\n<p> <\/p>\n<p><span style=\"font-weight: 400; color: #ffffff;\">POL\u00cdTICA DE ANULACI\u00d3N Y OTROS ASUNTOS<\/span><\/p>\n<p> <\/p>\n<p><span style=\"font-weight: 400; color: #ffffff;\">ATENCI\u00d3N<\/span><\/p>\n<p> <\/p>\n<p><span style=\"font-weight: 400; color: #ffffff;\">NO FIRME ESTE CONTRATO A MENOS QUE EST\u00c9 TOTALMENTE DE ACUERDO CON LOS T\u00c9RMINOS DEL MISMO. 1 \u00a1NO SE ACEPTAN ALEGACIONES DE IGNORANCIA! (por ejemplo) \u00a1No lo sab\u00eda! \u00a1ORII lo olvid\u00f3 ! ESTE CONTRATO ES DEFINITIVO Y NING\u00daN ACUERDO VERBAL PODR\u00c1 ANULARLO.<\/span><\/p>\n<p> <\/p>\n<p><span style=\"font-weight: 400; color: #ffffff;\">1) La cancelaci\u00f3n y\/o aplazamiento de una clase de conducci\u00f3n s\u00f3lo se permite 24 horas antes de la hora del servicio. O perder\u00e1 el servicio (Sin excepci\u00f3n)<\/span><\/p>\n<p> <\/p>\n<p><span style=\"font-weight: 400; color: #ffffff;\">2) Aunque pueden ocurrir emergencias repentinas, la Autoescuela lamentablemente le cobrar\u00e1 por una cita preestablecida si intenta cancelarla o reprogramarla el mismo d\u00eda, debido al hecho de que un Instructor de Manejo ya ha sido contratado y debe cobrar a pesar de todo. Por lo tanto, usted asumir\u00e1 la p\u00e9rdida por ese servicio espec\u00edfico (por ejemplo, se ha puesto enfermo, debe cuidar de su hijo, le llaman del trabajo a \u00faltima hora, etc.). No debe llamar a la autoescuela para establecer estos o<\/span><\/p>\n<p> <\/p>\n<p><span style=\"font-weight: 400; color: #ffffff;\">razones similares. Resultar\u00e1 in\u00fatil (Sin excepci\u00f3n)  <\/span><\/p>\n<p> <\/p>\n<p><span style=\"font-weight: 400; color: #ffffff;\">3) Todos los solicitantes de un servicio de autoescuela deben reclamar un recibo por cualquier pago efectuado a la autoescuela. (Sin excepci\u00f3n)  <\/span><\/p>\n<p> <\/p>\n<p><span style=\"font-weight: 400; color: #ffffff;\">4) No se efectuar\u00e1 ninguna devoluci\u00f3n de dinero a ning\u00fan cliente, sin el recibo de pago que previamente le haya expedido la Autoescuela. (Sin excepci\u00f3n)<\/span><\/p>\n<p> <\/p>\n<p><span style=\"font-weight: 400; color: #ffffff;\">5) Todos los saldos adeudados a la Autoescuela deber\u00e1n ser abonados como m\u00ednimo, 2 d\u00edas antes del d\u00eda de la prueba o servicio final. (Sin excepci\u00f3n)<\/span><\/p>\n<p> <\/p>\n<p><span style=\"font-weight: 400; color: #ffffff;\">6) El certificado de 5 horas de clase es obligatorio para poder tomar el examen de carretera en NYS. Si lo pierde, necesitar\u00e1 un duplicado, que le costar\u00e1 la suma de $ 35,00 d\u00f3lares pagaderos a la Escuela de Conducci\u00f3n.<\/span><\/p>\n<p> <\/p>\n<p><span style=\"font-weight: 400; color: #ffffff;\">Nota: si necesita un duplicado del certificado, aseg\u00farese de reclamarlo antes del d\u00eda de la prueba en carretera.<\/span><\/p>\n<p> <\/p>\n<p><span style=\"font-weight: 400; color: #ffffff;\">De lo contrario, no garantizaremos dicho duplicado y podr\u00eda perder su cita para la prueba en carretera.<\/span><\/p>\n<p> <\/p>\n<p><span style=\"font-weight: 400; color: #ffffff;\">(Sin excepci\u00f3n)<\/span><\/p>\n<p> <\/p>\n<p><span style=\"font-weight: 400; color: #ffffff;\">7) El cliente o alumno dispone de un plazo de un a\u00f1o (12 meses) para realizar cualquier servicio adquirido a la Autoescuela; en caso contrario, perder\u00e1 el servicio y el derecho a la devoluci\u00f3n del importe. (Sin excepci\u00f3n)<\/span><\/p>\n<p> <\/p>\n<p><span style=\"font-weight: 400; color: #ffffff;\">8) El cliente o alumno deber\u00e1 estar en posesi\u00f3n del permiso de aprendizaje en todo momento, cuando acuda a canjear cualquier servicio de Autoescuela (clase de 5 horas, clase de conducci\u00f3n, examen de conducir, ETC.) En caso contrario, el servicio<\/span><\/p>\n<p> <\/p>\n<p><span style=\"font-weight: 400; color: #ffffff;\">se anular\u00e1 y se perder\u00e1 el derecho a participar. (Sin excepci\u00f3n)  <\/span><\/p>\n<p> <\/p>\n<p><span style=\"font-weight: 400; color: #ffffff;\">9) El cliente o alumno debe ser puntual a la hora acordada y especificada para la clase de conducci\u00f3n.<\/span><\/p>\n<p> <\/p>\n<p><span style=\"font-weight: 400; color: #ffffff;\">De lo contrario, s\u00f3lo obtendr\u00e1 el tiempo restante correspondiente a esa lecci\u00f3n. (Sin excepci\u00f3n)<\/span><\/p>\n<p> <\/p>\n<p><span style=\"font-weight: 400; color: #ffffff;\">10) La Autoescuela, como entidad prestadora del servicio, se reserva el derecho de cancelar y\/o reprogramar una clase de conducci\u00f3n o cualquier cita con un preaviso de \u00faltima hora, debido a un inconveniente repentino como (emergencia del instructor, aver\u00eda del coche, etc.) (Sin excepci\u00f3n).<\/span><\/p>\n<p> <\/p>\n<p><span style=\"font-weight: 400; color: #ffffff;\">11) Si su lecci\u00f3n de conducci\u00f3n cae despu\u00e9s o antes de las horas de oficina (por ejemplo, antes de las 9:00 am o despu\u00e9s de las 6:00 pm) la autoescuela estar\u00e1 cerrada, pero se encontrar\u00e1 con su instructor justo en frente de la autoescuela. No d\u00e9 por hecho que la clase se ha cancelado, aunque el instructor se retrase; espere a que venga a verle. De lo contrario, perder\u00e1 la clase. (Sin excepci\u00f3n)<\/span><\/p>\n<p> <\/p>\n<p><span style=\"font-weight: 400; color: #ffffff;\">12) Si tienes alg\u00fan comentario o queja sobre tu instructor, no dudes en hac\u00e9rnoslo saber en recepci\u00f3n. Si no desea hablar en persona despu\u00e9s de la clase de conducci\u00f3n, al menos p\u00f3ngase en contacto con nosotros a trav\u00e9s del tel\u00e9fono para informarnos de la situaci\u00f3n y estaremos encantados de atenderle, bajo total discreci\u00f3n.<\/span><\/p>\n<p> <\/p>\n<p><span style=\"font-weight: 400; color: #ffffff;\">13) La cita para la prueba en carretera se programar\u00e1 de acuerdo con ambas partes (la autoescuela y usted como alumno de autoescuela). Una vez alcanzado dicho acuerdo, el alumno conductor deber\u00e1 abonar una tasa para cancelar o reprogramar la cita. Si se cancela o reprograma dentro de la primera semana el estudiante pagar\u00e1 el 50% del precio total de la prueba en carretera. Si la reprogramaci\u00f3n o cancelaci\u00f3n tiene lugar despu\u00e9s de la primera semana, el estudiante pagar\u00e1 el 75% del precio total de la prueba en carretera.<\/span><\/p>\n<p> <\/p>\n<p><span style=\"font-weight: 400; color: #ffffff;\">Nota: s\u00f3lo se aplica una excepci\u00f3n a la norma anterior si el profesor de autoescuela recomienda m\u00e1s pr\u00e1cticas bas\u00e1ndose en la falta de conocimientos del alumno y \u00e9ste acepta pagar m\u00e1s pr\u00e1cticas antes del examen pr\u00e1ctico.<\/span><\/p>\n<p> <\/p>\n<p> <\/p>\n<p><span style=\"color: #ffffff;\"><\/span><\/p>\n<h2><span style=\"color: #ffffff;\">\u00bfNecesitas ayuda?<\/span><\/h2>\n<p><span style=\"color: #ffffff;\"><\/span><\/p>\n<p><span style=\"color: #ffffff;\">P\u00f3ngase en contacto con nosotros en info@skyautodrivingschool.com para cuestiones relacionadas con reembolsos y devoluciones.<\/span><\/p>\n\t\t\t\t\t\t\t\t<\/div>\n\t\t\t\t<\/div>\n\t\t\t\t\t<\/div>\n\t\t<\/div>\n\t\t\t\t\t<\/div>\n\t\t<\/section>\n\t\t\t\t<\/div>\n\t\t","protected":false},"excerpt":{"rendered":"<p>AUTOESCUELA SKY [WARNING TO OUR CUSTOMERS] POL\u00cdTICA DE ANULACI\u00d3N Y OTROS ASUNTOS ATENCI\u00d3N NO FIRME ESTE CONTRATO A MENOS QUE EST\u00c9 TOTALMENTE DE ACUERDO CON LOS T\u00c9RMINOS DEL MISMO. 1 \u00a1NO SE ACEPTAN ALEGACIONES DE IGNORANCIA! (por ejemplo) \u00a1No lo sab\u00eda! \u00a1ORII lo olvid\u00f3 ! ESTE CONTRATO ES DEFINITIVO Y NING\u00daN ACUERDO VERBAL PODR\u00c1 ANULARLO.&hellip;&nbsp;<a href=\"https:\/\/skyautodrivingschool.com\/es\/politica-de-devoluciones-y-reembolsos\/\" rel=\"bookmark\">Leer m\u00e1s &raquo;<span class=\"screen-reader-text\">Pol\u00edtica de devoluciones y reembolsos<\/span><\/a><\/p>\n","protected":false},"author":1,"featured_media":0,"parent":0,"menu_order":0,"comment_status":"closed","ping_status":"closed","template":"","meta":{"neve_meta_sidebar":"","neve_meta_container":"","neve_meta_enable_content_width":"","neve_meta_content_width":0,"neve_meta_title_alignment":"","neve_meta_author_avatar":"","neve_post_elements_order":"","neve_meta_disable_header":"","neve_meta_disable_footer":"","neve_meta_disable_title":"","_joinchat":[],"footnotes":""},"class_list":["post-1438","page","type-page","status-publish","hentry"],"jetpack_sharing_enabled":true,"_links":{"self":[{"href":"https:\/\/skyautodrivingschool.com\/es\/wp-json\/wp\/v2\/pages\/1438","targetHints":{"allow":["GET"]}}],"collection":[{"href":"https:\/\/skyautodrivingschool.com\/es\/wp-json\/wp\/v2\/pages"}],"about":[{"href":"https:\/\/skyautodrivingschool.com\/es\/wp-json\/wp\/v2\/types\/page"}],"author":[{"embeddable":true,"href":"https:\/\/skyautodrivingschool.com\/es\/wp-json\/wp\/v2\/users\/1"}],"replies":[{"embeddable":true,"href":"https:\/\/skyautodrivingschool.com\/es\/wp-json\/wp\/v2\/comments?post=1438"}],"version-history":[{"count":0,"href":"https:\/\/skyautodrivingschool.com\/es\/wp-json\/wp\/v2\/pages\/1438\/revisions"}],"wp:attachment":[{"href":"https:\/\/skyautodrivingschool.com\/es\/wp-json\/wp\/v2\/media?parent=1438"}],"curies":[{"name":"wp","href":"https:\/\/api.w.org\/{rel}","templated":true}]}}